{"id":3,"date":"2020-03-25T13:36:56","date_gmt":"2020-03-25T13:36:56","guid":{"rendered":"https:\/\/eporada.klinikausmiechu.com\/?page_id=3"},"modified":"2020-03-25T14:08:53","modified_gmt":"2020-03-25T14:08:53","slug":"privacy-policy","status":"publish","type":"page","link":"https:\/\/eporada.klinikausmiechu.com\/?page_id=3","title":{"rendered":"Polityka Prywatno\u015bci"},"content":{"rendered":"\n<h2><strong>POLITYKA PRYWATNO\u015aCI \/ RODO&nbsp;<\/strong><\/h2>\n\n\n\n<p><strong>Zachowanie poufno\u015bci Pa\u0144stwa danych jest dla nas niezwykle wa\u017cne i chcemy, aby ka\u017cdy klient wiedzia\u0142, w jaki spos\u00f3b je przetwarzamy. W tym celu przygotowali\u015bmy Polityk\u0119 prywatno\u015bci, kt\u00f3ra opisuje spos\u00f3b ochrony i przetwarzania danych osobowych pacjent\u00f3w, a tak\u017ce os\u00f3b przez nich upowa\u017cnionych lub dzia\u0142aj\u0105cych w ich imieniu. Przedmiotowa informacja zosta\u0142a opracowana na podstawie obowi\u0105zuj\u0105cego od dnia 25 maja 2018 r. Rozporz\u0105dzenia Parlamentu Europejskiego i Rady (UE) 2016\/679 z dnia 27 kwietnia 2016 r. w sprawie ochrony os\u00f3b fizycznych w zwi\u0105zku z przetwarzaniem danych osobowych i w sprawie swobodnego przep\u0142ywu takich danych oraz uchylenia dyrektywy 95\/46\/WE (og\u00f3lne rozporz\u0105dzenie o ochronie danych; dalej r\u00f3wnie\u017c jako \u201eRODO\u201d)&nbsp;<\/strong><\/p>\n\n\n\n<p><strong>Kto jest administratorem Pa\u0144stwa danych osobowych?&nbsp;<\/strong><\/p>\n\n\n\n<p>Administratorem, czyli podmiotem decyduj\u0105cym o tym, jak b\u0119d\u0105 wykorzystywane Pa\u0144stwa dane osobowe, jest&nbsp;<strong>Klinika U\u015bmiechu. Specjalistyczne Centrum Stomatologii Estetycznej i Medycyny<\/strong>, ul. Kopalniana 1, 41-500 Chorz\u00f3w NIP: 6292376300 REGON: 241613894; Kontakt telefoniczny: +48 32 70 44 449, +48 731 898 629<\/p>\n\n\n\n<p><strong>Jak si\u0119 z nami skontaktowa\u0107, \u017ceby uzyska\u0107 wi\u0119cej informacji o przetwarzaniu Pa\u0144stwa danych osobowych?&nbsp;<\/strong><\/p>\n\n\n\n<p>Administrator Danych nie zdecydowa\u0142 si\u0119 na wyznaczenie Inspektora Ochrony Danych, co nie oznacza, \u017ce Pa\u0144stwa dane s\u0105 mniej bezpiecznie. W sprawach dotycz\u0105cych przetwarzania danych osobowych, wynikaj\u0105cych z RODO mog\u0105 si\u0119 Pa\u0144stwo skontaktowa\u0107 poprzez adres e-mail: klinika.usmiechu1@gmail.com<\/p>\n\n\n\n<p><strong>Sk\u0105d mamy Pa\u0144stwa dane?&nbsp;<\/strong><\/p>\n\n\n\n<p>Otrzymali\u015bmy je od Pa\u0144stwa podczas pierwszej wykonywanej us\u0142ugi medycznej, podczas zak\u0142adania \u201eHistorii choroby\u201d b\u0105d\u017a \u201eUm\u00f3wienia wizyty\u201d, a tak\u017ce p\u00f3\u017aniej, w zwi\u0105zku z udzielanymi r\u00f3\u017cnego rodzaju \u015bwiadczeniami.<\/p>\n\n\n\n<p><strong>Jaki jest cel i podstawa prawna przetwarzania Pa\u0144stwa danych osobowych?&nbsp;<\/strong><\/p>\n\n\n\n<p>Przetwarzamy Pa\u0144stwa dane osobowe, poniewa\u017c jest to niezb\u0119dne do wykonania us\u0142ug medycznych, w tym do:;<\/p>\n\n\n\n<ul><li><strong>podj\u0119cia na \u017c\u0105danie pacjenta lub osoby dzia\u0142aj\u0105cej w jego imieniu dzia\u0142a\u0144 zmierzaj\u0105cych do udzielenia mu \u015bwiadcze\u0144 zdrowotnych oraz udzielania pacjentowi \u015bwiadcze\u0144 zdrowotnych.&nbsp;<\/strong>Administrator przetwarza te dane na podstawie art. 6 ust. 1 lit. b) RODO (<em>Z uwagi na to, \u017ce przetwarzanie tych danych jest niezb\u0119dne do zawarcia i wykonywania umowy o \u015bwiadczenie us\u0142ug, kt\u00f3rej stron\u0105 jest pacjent, a tak\u017ce do podj\u0119cia dzia\u0142a\u0144 na zwi\u0105zanych z jej zawarciem \u2013 przed zawarciem umowy<\/em>) oraz art. 9 ust. 2 lit. h) RODO (<em>Z uwagi na to przetwarzanie jest niezb\u0119dne do cel\u00f3w profilaktyki zdrowotnej lub medycyny pracy, do oceny zdolno\u015bci pracownika do pracy,&nbsp;<\/em><\/li><\/ul>\n\n\n\n<ul><li><em>diagnozy medycznej, zapewnienia opieki zdrowotnej lub zabezpieczenia spo\u0142ecznego, leczenia lub zarz\u0105dzania systemami i us\u0142ugami opieki zdrowotnej lub zabezpieczenia spo\u0142ecznego na podstawie prawa Unii lub prawa pa\u0144stwa cz\u0142onkowskiego lub zgodnie z umow\u0105 z pracownikiem s\u0142u\u017cby zdrowia i z zastrze\u017ceniem warunk\u00f3w i zabezpiecze\u0144 przewidzianych przepisami prawa<\/em>),<\/li><li><strong>spe\u0142nienia ci\u0105\u017c\u0105cych na nas obowi\u0105zk\u00f3w prawnych umo\u017cliwiaj\u0105cych realizacj\u0119 um\u00f3w dotycz\u0105cych \u015bwiadczenia us\u0142ug medycznych, w szczeg\u00f3lno\u015bci poprzez pozyskiwanie, przechowywanie, przetwarzanie i udost\u0119pnianie danych osobowych<\/strong>. Administrator przetwarza te dane na podstawie art. 6 ust. 1 lit. c) RODO (<em>Z uwagi na to, \u017ce przetwarzanie tych jest niezb\u0119dne do wype\u0142nienia obowi\u0105zku prawnego ci\u0105\u017c\u0105cego na Administratorze jako podmiocie udzielaj\u0105cym \u015bwiadcze\u0144 zdrowotnych<\/em>),<\/li><li><strong>prowadzenia i przechowywania dokumentacji medycznej<\/strong>. Administrator przetwarza te dane na podstawie art. 6 ust. 1 lit. c) RODO oraz art. 9 ust. 2 lit. h) RODO,<\/li><li><strong>realizacji praw pacjent\u00f3w<\/strong>. Administrator przetwarza te dane na podstawie art. 6 ust. 1 lit. c) RODO oraz art. 9 ust. 2 lit. h) RODO,<\/li><li><strong>wype\u0142nienia innych ni\u017c wskazanych wy\u017cej obowi\u0105zk\u00f3w prawnych ci\u0105\u017c\u0105cych na Administratorze, kt\u00f3re zwi\u0105zane s\u0105 z dzia\u0142alno\u015bci\u0105 lecznicz\u0105 (w szczeg\u00f3lno\u015bci obowi\u0105zk\u00f3w przewidzianych przepisami prawa podatkowego).&nbsp;<\/strong>Administrator przetwarza te dane na podstawie art. 6 ust. 1 lit. c) RODO oraz art. 9 ust. 2 lit. h) RODO,<\/li><li><strong>ochrony \u017cywotnych interes\u00f3w pacjent\u00f3w.&nbsp;<\/strong>Administrator przetwarza te dane na podstawie art. 6 ust. 1 lit d) RODO (<em>Z uwagi na to, \u017ce przetwarzanie tych jest niezb\u0119dne do ochrony \u017cywotnych interes\u00f3w osoby, kt\u00f3rej dane dotycz\u0105<\/em>) oraz art. 9 ust. 2 lit. c) RODO (<em>Z uwagi na to, \u017ce przetwarzanie tych jest niezb\u0119dne do ochrony \u017cywotnych interes\u00f3w osoby, kt\u00f3rej dane dotycz\u0105, lub innej osoby fizycznej, a osoba, kt\u00f3rej dane dotycz\u0105, jest fizycznie lub prawnie niezdolna do wyra\u017cenia zgody<\/em>)<\/li><li><strong>ustalenia, dochodzenia lub obrony roszcze\u0144<\/strong>. Administrator przetwarza te dane na podstawie art. 6 ust. 1 lit. f) RODO (<em>Z uwagi na to, \u017ce przetwarzanie tych jest niezb\u0119dne do cel\u00f3w wynikaj\u0105cych z prawnie uzasadnionych interes\u00f3w realizowanych przez Administratora<\/em>),<\/li><li><strong>nawi\u0105zanie kontaktu z u\u017cytkownikiem zwi\u0105zanego z pytaniem lub komentarzem, na kt\u00f3ry u\u017cytkownik oczekuje odpowiedzi<\/strong>. Administrator przetwarza te dane na podstawie art. 6 ust. 1 lit. f) RODO,<\/li><li><strong>przesy\u0142aniem wiadomo\u015bci e-mail z odpowiedzi\u0105 na z\u0142o\u017cone zapytanie.&nbsp;<\/strong>Administrator przetwarza te dane na podstawie art. 6 ust. 1 lit. f) RODO.<\/li><\/ul>\n\n\n\n<p>Ponadto przetwarzamy dane osobowe os\u00f3b upowa\u017cnionych przez pacjenta lub dzia\u0142aj\u0105cego w jego imieniu w celu&nbsp;<strong>ustalenia uprawnienia takiej osoby, w tym do dzia\u0142ania w imieniu pacjenta<\/strong>. Administrator przetwarza te dane na podstawie art. 6 ust. 1 lit. c) RODO.<\/p>\n\n\n\n<p>W zwi\u0105zku z funkcjonuj\u0105cym systemem monitoringu wizyjnego, Administrator przetwarza dane osobowe os\u00f3b przebywaj\u0105cych na terenie&nbsp;<strong>Kliniki U\u015bmiechu. Specjalistycznego Centrum Stomatologii Estetycznej i Medycyny<\/strong>, ul. Kopalniana 1, 41-500 Chorz\u00f3w w celach zwi\u0105zanych z zagwarantowaniem bezpiecze\u0144stwa oraz zdrowia tych os\u00f3b, a tak\u017ce w<\/p>\n\n\n\n<p>celu ochrony mienia znajduj\u0105cego si\u0119 w podmiocie. Monitoring wizyjny obejmuje: stref\u0119 rejestracji, stref\u0119 poczekalni, stref\u0119 gabinet\u00f3w. Administrator przetwarza te dane osobowe na podstawie:<\/p>\n\n\n\n<ul><li>art. 6 ust. 1 lit. f) RODO, to jest z uwagi na to, \u017ce przetwarzanie tych danych jest niezb\u0119dne do cel\u00f3w wynikaj\u0105cych z prawnie uzasadnionych interes\u00f3w realizowanych przez Administratora tj. ochrony mienia Administratora oraz dochodzenia roszcze\u0144 zwi\u0105zanych z ochron\u0105 mienia Administratora.<\/li><li>art. 6 ust. 1 lit. d) RODO, to jest z uwagi na to, \u017ce przetwarzanie tych danych jest niezb\u0119dne do ochrony \u017cywotnych interes\u00f3w os\u00f3b przebywaj\u0105cych w budynku tj. w celu zapewnienia ich bezpiecze\u0144stwa.<\/li><\/ul>\n\n\n\n<p>Administrator uprawniony jest do stosowania monitoringu wizyjnego z uwagi na brzmienie art. 23a Ustawy z dnia 15 kwietnia 2011 r. o dzia\u0142alno\u015bci leczniczej.<\/p>\n\n\n\n<p>Przetwarzanie danych przez Administratora nast\u0119puje w szczeg\u00f3lno\u015bci na podstawie nast\u0119puj\u0105cych przepis\u00f3w prawa:<\/p>\n\n\n\n<ul><li>Ustawy z dnia 5 grudnia 1996 r. o zawodach lekarza i lekarza dentysty,<\/li><li>Ustawy z dnia 6 listopada 2008 r. o prawach pacjenta i Rzeczniku Praw Pacjenta,<\/li><li>Ustawy z dnia 28 kwietnia 2011 r. o systemie informacji w ochronie zdrowia.<\/li><\/ul>\n\n\n\n<p><strong>Jakie Pa\u0144stwa dane osobowe przetwarzamy ?&nbsp;<\/strong><\/p>\n\n\n\n<p>Zakres przetwarzanych danych osobowych pacjent\u00f3w obejmuje w szczeg\u00f3lno\u015bci dane osobowe Pacjenta, o kt\u00f3rych mowa w Art. 4 ust. 3 Ustawy z dnia 28 kwietnia 2011 r. o systemie informacji w ochronie zdrowia a tak\u017ce dane&nbsp;z&nbsp;Art. 25 Ustawy z dnia 6 listopada 2008 r. o prawach pacjenta i Rzeczniku Praw Pacjenta m.in.:<\/p>\n\n\n\n<ul><li>nazwisko i imi\u0119 (imiona),<\/li><li>dat\u0119 urodzenia,<\/li><li>oznaczenie p\u0142ci,<\/li><li>adres miejsca zamieszkania,<\/li><li>numer PESEL, je\u017celi zosta\u0142 nadany, w przypadku noworodka \u2013 numer PESEL matki, a w przypadku os\u00f3b, kt\u00f3re nie maj\u0105 nadanego numeru PESEL \u2013 rodzaj i numer dokumentu potwierdzaj\u0105cego to\u017csamo\u015b\u0107,<\/li><li>w przypadku gdy pacjentem jest osoba ma\u0142oletnia, ca\u0142kowicie ubezw\u0142asnowolniona lub niezdolna do \u015bwiadomego wyra\u017cenia zgody \u2013 nazwisko i imi\u0119 (imiona) przedstawiciela ustawowego oraz adres jego miejsca zamieszkania;<\/li><li>oznaczenie podmiotu udzielaj\u0105cego \u015bwiadcze\u0144 zdrowotnych ze wskazaniem kom\u00f3rki organizacyjnej, w kt\u00f3rej udzielono \u015bwiadcze\u0144 zdrowotnych;<\/li><li>opis stanu zdrowia pacjenta lub udzielonych mu \u015bwiadcze\u0144 zdrowotnych;<\/li><li>dat\u0119 sporz\u0105dzenia<\/li><li>numer telefonu kontaktowego.<\/li><\/ul>\n\n\n\n<p><strong>Czy Pa\u0144stwo musicie poda\u0107 swoje dane osobowe?&nbsp;<\/strong><\/p>\n\n\n\n<p>Akty prawne zobowi\u0105zuj\u0105 Pa\u0144stwa do podania danych osobowych, kt\u00f3re s\u0105 niezb\u0119dne do realizacji \u015bwiadczonych przez nas us\u0142ug medycznych. Je\u015bli z jakiego\u015b powodu nie podacie Pa\u0144stwo danych osobowych, niestety nie b\u0119dziemy mogli zrealizowa\u0107 us\u0142ug medycznych \u015bwiadczonych w ramach naszej plac\u00f3wki, co w konsekwencji uniemo\u017cliwi Pa\u0144stwu do nich dost\u0119p. Je\u017celi wymagaj\u0105 tego przepisy prawa, mo\u017cemy wymaga\u0107 od Pa\u0144stwa podania innych danych niezb\u0119dnych np. ze wzgl\u0119d\u00f3w rachunkowych lub podatkowych.<\/p>\n\n\n\n<p><strong>Pa\u0144stwa uprawnienia w zakresie przetwarzanych danych?&nbsp;<\/strong><\/p>\n\n\n\n<p>Macie Pa\u0144stwo prawo dost\u0119pu i wgl\u0105du do tre\u015bci swoich danych osobowych, ich sprostowania uzupe\u0142nienia, poprawienia \u2013 w wypadku gdy dane osobowe s\u0105 niekompletne lub nieprawid\u0142owe. W zakresie ograniczenia ich przetwarzania lub usuni\u0119cia przys\u0142uguje Pa\u0144stwo takie prawo w zakresie danych udzielonych do cel\u00f3w marketingowych i w wypadku niekt\u00f3rych zg\u00f3d. Przys\u0142uguje Pa\u0144stwu prawo do przenoszenia danych, niepodleganiu zautomatyzowanemu podejmowaniu decyzji, w tym profilowaniu, a tak\u017ce prawo do wyra\u017cenia sprzeciwu wobec przetwarzania danych osobowych. Macie Pa\u0144stwo prawo wnie\u015b\u0107 skarg\u0119 w zwi\u0105zku z przetwarzaniem przez nas Waszych danych osobowych do organu nadzorczego, kt\u00f3rym jest Urz\u0105d Ochrony Danych Osobowych (adres: Urz\u0105d Ochrony Danych Osobowych, ul. Stawki 2, 00-193 Warszawa).<\/p>\n\n\n\n<p><strong>W jakich sytuacjach przys\u0142uguje Pa\u0144stwu sprzeciw wobec przetwarzania danych osobowych?&nbsp;<\/strong><\/p>\n\n\n\n<p>Macie Pa\u0144stwo prawo wnie\u015b\u0107 sprzeciw wobec przetwarzania swoich danych osobowych, gdy:<\/p>\n\n\n\n<ul><li>Pa\u0144stwa dane osobowe przetwarzane s\u0105 na potrzeby marketingu bezpo\u015bredniego, w tym s\u0105 profilowane dla tego celu.<\/li><\/ul>\n\n\n\n<p><strong>Komu zostaj\u0105 udost\u0119pnione Pa\u0144stwa dane osobowe?&nbsp;<\/strong><\/p>\n\n\n\n<p>Pa\u0144stwa dane osobowe udost\u0119pniamy:<\/p>\n\n\n\n<ul><li>podmiotom wspieraj\u0105cym nas w zakresie \u015bwiadczonych us\u0142ug medycznych: laboratoria, pracownie protetyczne, wyspecjalizowane w danych dziedzinach medycznych podmioty;<\/li><li>podmioty wspieraj\u0105ce nas w zakresie, us\u0142ug IT;<\/li><li>podmioty upowa\u017cnione na podstawie obowi\u0105zuj\u0105cych przepis\u00f3w prawa (np.; s\u0105dy i organy pa\u0144stwowe), szczeg\u00f3lnie w zakresie wskazanym na podstawie Ustawy o prawach Pacjenta i Rzeczniku Praw Pacjenta;<\/li><li>podmioty \u015bwiadcz\u0105ce us\u0142ugi: z zakresu dor\u0119czania korespondencji i przesy\u0142ek, informatyczne lub telekomunikacyjne; ksi\u0119gowo \u2013 finansowe i podatkowe; audytorskie i kontrolne; prawne i windykacyjne.<\/li><\/ul>\n\n\n\n<p>Je\u015bli wyrazicie zgod\u0119, mo\u017cemy udost\u0119pni\u0107 Pa\u0144stwa dane innym podmiotom medycznym, kt\u00f3re \u015bwiadcz\u0105 us\u0142ugi w ramach r\u00f3\u017cnego rodzaju program\u00f3w profilaktycznych, w ramach prowadzonego marketingu, r\u00f3wnie\u017c bezpo\u015bredniego.<\/p>\n\n\n\n<p><strong>Jak d\u0142ugo przechowujemy Pa\u0144stwa dane osobowe?&nbsp;<\/strong><\/p>\n\n\n\n<p>Pa\u0144stwa dane osobowe przetwarzane przez nasz\u0105 Plac\u00f3wk\u0119, w ramach \u015bwiadczonych us\u0142uga medycznych zgodnie z art. 29 \u201eUstawy o prawach pacjenta i Rzeczniku Praw Pacjenta\u201d b\u0119d\u0105 przechowywane przez okres 20 lat licz\u0105c od ko\u0144ca roku kalendarzowego, w kt\u00f3rym dokonano ostatniego wpisu, z wyj\u0105tkiem:<\/p>\n\n\n\n<ul><li>dokumentacji medycznej w przypadku zgonu pacjenta na skutek uszkodzenia cia\u0142a lub zatrucia, kt\u00f3ra jest przechowywana przez okres 30 lat, licz\u0105c od ko\u0144ca roku kalendarzowego, w kt\u00f3rym nast\u0105pi\u0142 zgon;<\/li><li>dokumentacji medycznej zawieraj\u0105cej dane niezb\u0119dne do monitorowania los\u00f3w krwi i jej sk\u0142adnik\u00f3w, kt\u00f3ra jest przechowywana przez okres 30 lat, licz\u0105c od ko\u0144ca roku kalendarzowego, w kt\u00f3rym dokonano ostatniego wpisu;<\/li><li>zdj\u0119\u0107 rentgenowskich przechowywanych poza dokumentacj\u0105 medyczn\u0105 pacjenta, kt\u00f3re s\u0105 przechowywane przez okres 10 lat, licz\u0105c od ko\u0144ca roku kalendarzowego, w kt\u00f3rym wykonano zdj\u0119cie;<\/li><li>skierowa\u0144 na badania lub zlece\u0144 lekarza, kt\u00f3re s\u0105 przechowywane przez okres: 5 lat, licz\u0105c od ko\u0144ca roku kalendarzowego, w kt\u00f3rym udzielono \u015bwiadczenia zdrowotnego b\u0119d\u0105cego przedmiotem skierowania lub zlecenia lekarza, lat, licz\u0105c od ko\u0144ca roku kalendarzowego, w kt\u00f3rym wystawiono skierowanie \u2013 w przypadku gdy \u015bwiadczenie zdrowotne nie zosta\u0142o udzielone z powodu niezg\u0142oszenia si\u0119 pacjenta w ustalonym terminie, chyba \u017ce pacjent odebra\u0142 skierowanie;<\/li><li>dokumentacji medycznej dotycz\u0105cej dzieci do uko\u0144czenia 2. roku \u017cycia, kt\u00f3ra jest przechowywana przez okres 22 lat.<\/li><\/ul>\n\n\n\n<p><strong>Dane z monitoringu wizyjnego nie b\u0119d\u0105 przetwarzane d\u0142u\u017cej ni\u017c 30 dni.<\/strong><\/p>\n\n\n\n<p>Ponadto dane b\u0119d\u0105 przechowywane w celu: dochodzenia roszcze\u0144 w zwi\u0105zku z wykonywaniem \u015bwiadcze\u0144 medycznych oraz um\u00f3w; wykonania obowi\u0105zk\u00f3w wynikaj\u0105cych z przepis\u00f3w prawa, w tym w szczeg\u00f3lno\u015bci podatkowych i rachunkowych; zapobiegania nadu\u017cyciom i oszustwom.<\/p>\n\n\n\n<p><strong>Czy przekazujemy Pa\u0144stwa dane do pa\u0144stw spoza Europejskiego Obszaru Gospodarczego?&nbsp;<\/strong><\/p>\n\n\n\n<p>Pa\u0144stwa dane osobowe nie b\u0119d\u0105 przekazywane poza Europejski Obszar Gospodarczy.<\/p>\n\n\n\n<p><strong>Czy przetwarzamy Pa\u0144stwa dane osobowe automatycznie (w tym poprzez profilowanie) w spos\u00f3b wp\u0142ywaj\u0105cy na Pa\u0144stwa prawa?&nbsp;<\/strong><\/p>\n\n\n\n<p>Pa\u0144stwa dane osobowe nie b\u0119d\u0105 przetwarzane w spos\u00f3b zautomatyzowany (w tym w formie profilowania).<\/p>\n\n\n\n<p><strong>COOKIE \u2013 CIASTECZKA&nbsp;<\/strong><\/p>\n\n\n\n<p>Nasza strona jak wi\u0119kszo\u015b\u0107 witryn internetowych, korzysta z tzw. plik\u00f3w cookies (ciasteczek). Pliki te: \u2013 s\u0105 zapisywane w pami\u0119ci Pa\u0144stwa urz\u0105dzenia (komputera, telefonu, itd.); \u2013 umo\u017cliwiaj\u0105 Pa\u0144stwu, m.in., korzystanie ze wszystkich funkcji strony; \u2013 nie powoduj\u0105 zmian w ustawieniach Pa\u0144stwa urz\u0105dzenia. Korzystaj\u0105c z odpowiednich opcji Pa\u0144stwa przegl\u0105darki, w ka\u017cdej chwili mo\u017cecie: \u2013 usun\u0105\u0107 pliki cookies; \u2013 blokowa\u0107 wykorzystanie plik\u00f3w cookies w przysz\u0142o\u015bci. W naszej Plac\u00f3wce ciasteczka wykorzystywane s\u0105 w celu: \u00b7 zapami\u0119tywania informacji o Pa\u0144stwa sesji, \u00b7 statystycznym, \u00b7 udost\u0119pniania funkcji strony. Aby dowiedzie\u0107 si\u0119 jak zarz\u0105dza\u0107 plikami cookies, w tym jak wy\u0142\u0105czy\u0107 ich obs\u0142ug\u0119 w Pa\u0144stwa przegl\u0105darce, mo\u017cna skorzysta\u0107 z pliku pomocy ka\u017cdej przegl\u0105darki. Z informacjami na ten temat mo\u017cna zapozna\u0107 si\u0119 wciskaj\u0105c klawisz F1 w przegl\u0105darce. Ponadto odpowiednie wskaz\u00f3wki znajdziecie Pa\u0144stwo na nast\u0119puj\u0105cych podstronach, w zale\u017cno\u015bci od przegl\u0105darki, kt\u00f3rej u\u017cywacie. \u00b7 Firefox \u00b7 Chrome \u00b7 Safari \u00b7 Internet Explorer \/ Microsoft Edge.<\/p>\n","protected":false},"excerpt":{"rendered":"<p>POLITYKA PRYWATNO\u015aCI \/ RODO&nbsp; Zachowanie poufno\u015bci Pa\u0144stwa danych jest dla nas niezwykle wa\u017cne i chcemy, aby ka\u017cdy klient wiedzia\u0142, w jaki spos\u00f3b je przetwarzamy. W tym celu przygotowali\u015bmy Polityk\u0119 prywatno\u015bci, kt\u00f3ra opisuje spos\u00f3b ochrony i przetwarzania danych osobowych pacjent\u00f3w, a tak\u017ce os\u00f3b przez nich upowa\u017cnionych lub dzia\u0142aj\u0105cych w ich imieniu. Przedmiotowa informacja zosta\u0142a opracowana na [&hellip;]<\/p>\n","protected":false},"author":1,"featured_media":0,"parent":0,"menu_order":0,"comment_status":"closed","ping_status":"open","template":"","meta":[],"_links":{"self":[{"href":"https:\/\/eporada.klinikausmiechu.com\/index.php?rest_route=\/wp\/v2\/pages\/3"}],"collection":[{"href":"https:\/\/eporada.klinikausmiechu.com\/index.php?rest_route=\/wp\/v2\/pages"}],"about":[{"href":"https:\/\/eporada.klinikausmiechu.com\/index.php?rest_route=\/wp\/v2\/types\/page"}],"author":[{"embeddable":true,"href":"https:\/\/eporada.klinikausmiechu.com\/index.php?rest_route=\/wp\/v2\/users\/1"}],"replies":[{"embeddable":true,"href":"https:\/\/eporada.klinikausmiechu.com\/index.php?rest_route=%2Fwp%2Fv2%2Fcomments&post=3"}],"version-history":[{"count":1,"href":"https:\/\/eporada.klinikausmiechu.com\/index.php?rest_route=\/wp\/v2\/pages\/3\/revisions"}],"predecessor-version":[{"id":39,"href":"https:\/\/eporada.klinikausmiechu.com\/index.php?rest_route=\/wp\/v2\/pages\/3\/revisions\/39"}],"wp:attachment":[{"href":"https:\/\/eporada.klinikausmiechu.com\/index.php?rest_route=%2Fwp%2Fv2%2Fmedia&parent=3"}],"curies":[{"name":"wp","href":"https:\/\/api.w.org\/{rel}","templated":true}]}}