{"id":61,"date":"2020-04-14T23:29:03","date_gmt":"2020-04-14T23:29:03","guid":{"rendered":"https:\/\/eporada.klinikausmiechu.com\/?page_id=61"},"modified":"2020-04-29T09:48:35","modified_gmt":"2020-04-29T09:48:35","slug":"regulamin-swiadczenia-uslug","status":"publish","type":"page","link":"https:\/\/eporada.klinikausmiechu.com\/?page_id=61","title":{"rendered":"REGULAMIN \u015aWIADCZENIA US\u0141UG"},"content":{"rendered":"\n<h3 class=\"has-text-align-center\">Administratorem, czyli podmiotem decyduj\u0105cym o tym, jak b\u0119d\u0105 wykorzystywane Pa\u0144stwa dane osobowe, jest&nbsp;Klinika U\u015bmiechu. Specjalistyczne Centrum Stomatologii Estetycznej i Medycyny, ul. Kopalniana 1, 41-500 Chorz\u00f3w NIP: 6292376300 REGON: 241613894; Kontakt telefoniczny: +48 32 70 44 449, +48 731 898 629<\/h3>\n\n\n\n<p><strong>Preambu\u0142a<\/strong><br>Niniejszy regulamin ustanowiony zosta\u0142 w trosce o najwy\u017csz\u0105 jako\u015b\u0107 us\u0142ug medycznych \u015bwiadczonych w Klinice U\u015bmiechu. Dokument ten reguluje wsp\u00f3\u0142prac\u0119 ca\u0142ego Personelu zak\u0142adu leczniczego Kliniki u\u015bmiechu z Pacjentami. Podstawowym celem tej wsp\u00f3\u0142pracy jest \u015bwiadczenie us\u0142ug przez Lekarzy i Personel zak\u0142adu leczniczego zgodnie z obowi\u0105zuj\u0105cymi przepisami prawa, zaleceniami aktualnej wiedzy medycznej, dost\u0119pnymi metodami oraz \u015brodkami zapobiegania, rozpoznawania i leczenia chor\u00f3b, a tak\u017ce odpowiednio z zasadami etyki zawodowej oraz nale\u017cyt\u0105 staranno\u015bci\u0105.<\/p>\n\n\n\n<p>\u00a7 1<br>\u0179r\u00f3d\u0142a prawa<br>1. Regulamin wewn\u0119trzny Kliniki U\u015bmiechu opracowany zosta\u0142 zgodnie i w oparciu o nast\u0119puj\u0105ce akty prawa:<br>1) Kodeks cywilny;<br>2) Ustaw\u0119 z dnia 15 kwietnia 2011 r. o dzia\u0142alno\u015bci leczniczej (Dz.U. 2015, poz. 618 z p\u00f3\u017an. zm.);<br>3) Ustaw\u0119 z dnia 5 grudnia 1996 r. o zawodzie lekarza (Dz.U. 2011, nr 277 poz. 1634 ze zm.);<br>4) Ustaw\u0119 z dnia 6 listopada 2008 r. o prawach pacjenta i Rzeczniku Praw Pacjenta (tekst jedn. Dz.U. 2012, poz. 159 z p\u00f3\u017an. zm.);<br>5) Ustaw\u0119 z dnia 28 kwietnia 2011 r. o systemie informacji w ochronie zdrowia (Dz.U. 2015, poz. 636 z p\u00f3\u017an. zm.);<br>7) Ustaw\u0119 z dnia 15 kwietnia 2011 r. o dzia\u0142alno\u015bci leczniczej (Dz.U. 2015, poz. 618 z p\u00f3\u017an. zm.);<br>8) Ustaw\u0119 z dnia 10 maja 2018 r. o ochronie danych osobowych (Dz.U. 2018, poz. 1000);<br>9) Rozporz\u0105dzenie Ministra Zdrowia z dnia 21 grudnia 2010 r. w sprawie rodzaj\u00f3w i zakresu dokumentacji medycznej oraz sposobu jej przetwarzania (Dz.U. 2014, poz. 177 z p\u00f3\u017an. zm.);<br>10) Rozporz\u0105dzenie Parlamentu Europejskiego i Rady (UE) 2016\/679 z dnia 27 kwietnia 2016 r. w sprawie ochrony os\u00f3b fizycznych w zwi\u0105zku z przetwarzaniem danych osobowych i w sprawie swobodnego przep\u0142ywu takich danych oraz uchylenia dyrektywy 95\/46\/WE (og\u00f3lne rozporz\u0105dzenie o ochronie danych \u2013 RODO);<br>11) Rozporz\u0105dzenie Ministra Spraw Wewn\u0119trznych i Administracji z dnia 29 kwietnia 2004 r. w sprawie dokumentacji przetwarzania danych osobowych oraz warunk\u00f3w technicznych i organizacyjnych, jakim powinny odpowiada\u0107 urz\u0105dzenia i systemy informatyczne s\u0142u\u017c\u0105ce do przetwarzania danych osobowych (Dz.U. nr 100, poz. 1024).<\/p>\n\n\n\n<p><br>\u00a7 2<br>Definicje<br>1. Regulamin \u2013 niniejszy dokument okre\u015blaj\u0105cy prawa i obowi\u0105zki Stron \u2013 Pacjenta oraz Personelu  Kliniki U\u015bmiechu w zwi\u0105zku z udzielanymi Pacjentowi us\u0142ugami medycznymi.<br>2.  Klinika U\u015bmiechu Specjalistyczne Centrum Stomatologii Estetycznej i Medycyny, ul. Kopalniana 1, 41-500 Chorz\u00f3w NIP: 6292376300 REGON: 241613894; Kontakt telefoniczny: +48 32 70 44 449, +48 731 898 629<br>3. Pacjent \u2013 osoba korzystaj\u0105ca z us\u0142ug medycznych i kosmetycznych wykonywanych przez Personel Kliniki U\u015bmiechu.<br>4. Osoba bliska \u2013 wst\u0119pni, zst\u0119pni do drugiego stopnia, rodze\u0144stwo, ma\u0142\u017conek, osoba pozostaj\u0105ca we wsp\u00f3lnym po\u017cyciu z Pacjentem lub osoba wskazana przez Pacjenta, przedstawiciel ustawowy.<br>5. Us\u0142uga medyczna- stomatologiczna \u2013 wykonywana przez Klinik\u0119 U\u015bmiechu na rzecz Pacjenta us\u0142uga, stanowi\u0105ca wizyt\u0119 medyczn\u0105 lub zabieg medyczny (zwane dalej \u201eus\u0142ug\u0105\u201d ).<\/p>\n\n\n\n<p><br>\u00a7 3<br>Struktura organizacyjna<br>1. Struktur\u0119 organizacyjn\u0105 Klinika U\u015bmiechu tworz\u0105 nast\u0119puj\u0105ce jednostki i kom\u00f3rki organizacyjne:<br>1) Klinika U\u015bmiechu jest Zak\u0142adem leczniczym, reprezentowanym przez w\u0142a\u015bcicielk\u0119 Kamil\u0119 Wr\u00f3bli\u0144sk\u0105 Lewkowicz<br>2) Lekarze Kliniki U\u015bmiechu;<br>3) Recepcja;<br>4) Gabinety.<\/p>\n\n\n\n<p><br>\u00a7 4<br>Zakres \u015bwiadczonych us\u0142ug<br>1. Zgodnie z warunkami okre\u015blonymi w niniejszym Regulaminie, Klinika U\u015bmiechu \u015bwiadczy us\u0142ugi z zakresu: stomatologii.<br>2. Informacje dotycz\u0105ce us\u0142ug s\u0105 udost\u0119pniane przez Klinika U\u015bmiechu za po\u015brednictwem Internetu i strony internetowej <a href=\"https:\/\/kinikausmiechu\">https:\/\/kinikausmiechu<\/a>.com.<br>3. Warunkiem skorzystania z us\u0142ug Klinika U\u015bmiechu jest zapoznanie si\u0119 z Regulaminemi oraz jego akceptacja.<\/p>\n\n\n\n<p><br>\u00a7 5<br>Eporady udzielane s\u0105 w godzinach:<br>1. Klinika U\u015bmiechu jest czynna  w godz 10.00 &#8211; 12.00 i 15.00 &#8211; 18.00 od pn do pt oraz sob 10.00 &#8211; 12.00<\/p>\n\n\n\n<p><br>\u00a7 6<br>Zasady umawiania eporady<br>1. Pacjenci Kliniki U\u015bmiechu obs\u0142ugiwani s\u0105 zgodnie z kolejnoscia zakupu eporady<br>2. Pacjent dokonuje erezerwacji poprzez stron\u0119 https:\/\/eporada.klinikausmiechu.com<br>3. Przy dokonywaniu rezerwacji wizyty Pacjent proszony jest o podanie niekt\u00f3rych danych osobowych (imienia i nazwiska oraz numeru telefonu), kt\u00f3re s\u0142u\u017c\u0105 wy\u0142\u0105cznie w celu ewentualnego kontaktu i potwierdzenia lub odwo\u0142ania konsultacji.<br>4. Przed eporad\u0105 pacjent otrzyma potwierdzenie zakupu eporady.<br>5. Klinika U\u015bmiechu nie zwraca pieni\u0119dzy za zakupione i niewykorzystane us\u0142ugi. <br>6. Od czasu potwierdzenia oplaty za zakup eporady Klinika ma 24h na wykonanie eporady. Uwaga w razie braku mozliwosci polaczenia sie z Pacjentem pod wskazanym nr telefonu, nie bedzie mozliwy zwrot kosztow poniesionej przez niego przy zakupie eporady.<\/p>\n\n\n\n<p>\u00a7 7<br>Przebieg eporady<\/p>\n\n\n\n<ol><li>Eporada udzielana jest telefonicznie przez lekarza na wskazany przez pacjenta numer telefonu do 24h od momentu zarejestrowania p\u0142atno\u015bci w podanych godzinach pracy : jw.<br>EPORADA NIE JEST TYPOW\u0104 KONSULTACJ\u0104 JAKA ODBYWA SI\u0118 W WARUNKACH WIZYTY W GABINECIE STOMATOLOGICZNYM I BEZ MO\u017bLIWO\u015aCI WYKONANIA PE\u0141NEJ DIAGNOSTYKI WEWN\u0104TRZ I ZEWN\u0104TRZUSTNEJ PACJENTA, ORAZ DIAGNOSTYKI DODATKOWEJ NP. RADIOLOGICZNEJ A JEDYNIE PORAD\u0104 &#8211; PO PRZEPROWADZENIU Z PACJENTEM WST\u0118PNEGO WYWIADU, W TRAKCIE ROZMOWY TELEFONICZNEJ, ORAZ MO\u017bLIWO\u015aCI\u0104 POINSTRUOWANIA PACJENTA ODNO\u015aNIE DALSZEGO POST\u0118POWANIA- PE\u0141NEJ KONSULTACJI STOMATOLOGICZNEJ I ZAPLANOWANIA LECZENIA.<br>2. W trosce o najwy\u017csz\u0105 jako\u015b\u0107 us\u0142ug \u015bwiadczonych przez Klinika U\u015bmiechu ka\u017cda osoba kontaktuj\u0105ca si\u0119 z klinik\u0105 proszona jest o zapoznanie si\u0119 z niniejszym Regulaminem.<\/li><\/ol>\n\n\n\n<p>\u00a7 8<br>Prawa i obowi\u0105zki Pacjenta<br>1. Pacjent ma prawo do:<br>1) \u015bwiadcze\u0144 zdrowotnych odpowiadaj\u0105cych wymogom aktualnej wiedzy medycznej;<br>2) informacji o swoim stanie zdrowia;<br>3) zachowania w tajemnicy, przez osoby udzielaj\u0105ce \u015bwiadcze\u0144 zdrowotnych, informacji z nim zwi\u0105zanych, w szczeg\u00f3lno\u015bci z jego stanem zdrowia;<br>4) wyra\u017cenia lub odm\u00f3wienia zgody na udzielanie mu \u015bwiadcze\u0144 zdrowotnych;<br>5) zg\u0142aszania dzia\u0142a\u0144 niepo\u017c\u0105danych produkt\u00f3w leczniczych;<br>6) poszanowania intymno\u015bci i godno\u015bci, w szczeg\u00f3lno\u015bci w czasie udzielania \u015bwiadcze\u0144 zdrowotnych;<br>7) wgl\u0105du do dokumentacji medycznej dotycz\u0105cej stanu swojego zdrowia oraz udzielonych \u015bwiadcze\u0144 zdrowotnych;<br>8) zg\u0142oszenia sprzeciwu wobec opinii lub orzeczenia lekarza.<br>2. Pacjent ma obowi\u0105zek:<br>1) poinformowa\u0107 klinik\u0119 o wszystkich przyjmowanych lekach, wszystkich schorzeniach i alergiach oraz wcze\u015bniejszym leczeniu;<br><\/p>\n\n\n\n<p>\u00a7 9<br>Dokumentacja medyczna i zasady jej udost\u0119pniania<br>1. Klinika U\u015bmiechu udost\u0119pnia dokumentacj\u0119 medyczn\u0105:<br>1) Pacjentowi, kt\u00f3rego dokumentacja dotyczy, po okazaniu dowodu to\u017csamo\u015bci (dowodem to\u017csamo\u015bci s\u0105: dow\u00f3d osobisty, prawo jazdy, paszport, legitymacja ZUS, karta sta\u0142ego pobytu);<br>2) przedstawicielowi ustawowemu Pacjenta po okazaniu odpowiedniego dokumentu:<br>\u2013 rodzicom, do chwili uko\u0144czenia przez dziecko 18 lat, po okazaniu dowodu osobistego,<br>\u2013 opiekunom, do chwili uko\u0144czenia przez dziecko 18 lat, po okazaniu dowodu osobistego oraz orygina\u0142u upowa\u017cnienia podpisanego przez jednego z rodzic\u00f3w;<br>\u2013 opiekunom ustanowionym przez s\u0105d, po okazaniu stosownego orzeczenia (opieka nad ma\u0142oletnim, opieka nad niepe\u0142nosprawnym lub ubezw\u0142asnowolnionym, kurator etc.);<br>3) osobie bliskiej \u2013 upowa\u017cnionej przez Pacjenta i posiadaj\u0105cej orygina\u0142 pisemnego upowa\u017cnienia Pacjenta;<br>4) po \u015bmierci Pacjenta prawo wgl\u0105du w dokumentacj\u0119 medyczn\u0105 ma osoba bliska \u2013 upowa\u017cniona przez Pacjenta za \u017cycia w pisemnym o\u015bwiadczeniu, po przed\u0142o\u017ceniu orygina\u0142u upowa\u017cnienia.<br>Upowa\u017cnienie, o kt\u00f3rym mowa w punktach 3) i 4) ust\u0119pu 1. \u00a7 11, powinno:<br>\u2013 by\u0107 sporz\u0105dzone w formie pisemnej;<br>\u2013 wskazywa\u0107 imi\u0119, nazwisko oraz numer PESEL osoby upowa\u017cnionej;<br>\u2013 by\u0107 podpisane przez Pacjenta.<br>2. Formy udost\u0119pniania dokumentacji medycznej Kliniki U\u015bmiechu<br>1) dokumentacja udost\u0119pniana jest do wgl\u0105du na miejscu;<br>2) dokumentacja udost\u0119pniana jest poprzez sporz\u0105dzenie jej wyci\u0105g\u00f3w, odpis\u00f3w, kopii lub wydruk\u00f3w;<br>3) dokumentacja udost\u0119pniana jest poprzez wydanie orygina\u0142u, za pokwitowaniem odbioru i z zastrze\u017ceniem zwrotu po wykorzystaniu, je\u017celi uprawniony organ lub podmiot \u017c\u0105da udost\u0119pnienia orygina\u0142\u00f3w tej dokumentacji;<br>4) w Klinice U\u015bmiechu pozostawiana jest kopia dokumentacji medycznej Pacjenta <br>3. Zasady udost\u0119pniania dokumentacji medycznej w Klinika U\u015bmiechu<br>1) Wydanie dokumentacji medycznej nast\u0119puje na wniosek, w trybie zapewniaj\u0105cym zachowanie poufno\u015bci i ochron\u0119 danych osobowych.<br>Wniosek, o kt\u00f3rym mowa w punkcie 1) ust\u0119pu 3. \u00a7 11 powinien:<br>\u2013 wskazywa\u0107 imi\u0119, nazwisko i numer PESEL Wnioskodawcy;<br>\u2013 by\u0107 podpisany przez Wnioskodawc\u0119.<br>2) Do po\u015bwiadczenia zgodno\u015bci z orygina\u0142em kopii dokumentacji medycznej upowa\u017cnione s\u0105 osoby uprawnione do udost\u0119pniania dokumentacji medycznej wyznaczone przez Klinik\u0119 U\u015bmiechu.<br>3) W celu uzyskania wyci\u0105gu, odpisu, kopii lub wydruku dokumentacji medycznej Pacjent, jego przedstawiciel ustawowy lub osoba upowa\u017cniona przez niego, sk\u0142ada pisemny \u201eWniosek o wydanie dokumentacji medycznej\u201d.<br>4) W przypadku odbioru dokumentacji przez osob\u0119 upowa\u017cnion\u0105, dodatkowo musi ona okaza\u0107 podpisane przez Pacjenta upowa\u017cnienie do wydania dokumentacji medycznej.<br>5) Wnioski mog\u0105 by\u0107 sk\u0142adane od poniedzia\u0142ku do pi\u0105tku w godzinach pracy Klinika U\u015bmiechu<br>6) Udost\u0119pnienie dokumentacji medycznej nast\u0119puje najp\u00f3\u017aniej w terminie do 14 dni roboczych, licz\u0105c od daty z\u0142o\u017cenia wniosku.<br>7) Wydanie kopii dokumentacji medycznej musi by\u0107 potwierdzone podpisem wydaj\u0105cego i odbieraj\u0105cego oraz dat\u0105 wydania na z\u0142o\u017conym wniosku.<br>4. Pacjent ma prawo wyznaczenia osoby bliskiej, kt\u00f3rej mog\u0105 by\u0107 udzielane informacje o jego stanie zdrowia, a tak\u017ce ma prawo okre\u015blenia zakresu przekazywanych informacji. Ma r\u00f3wnie\u017c prawo zakazania udzielania informacji oraz zmiany wyznaczonej osoby bliskiej.<\/p>\n\n\n\n<p>\u00a7 10<br>P\u0142atno\u015bci<br>1. Ceny zawarte w cenniku oraz na stronie internetowej <a href=\"https:\/\/eporada.klinikausmiechu.com\">https:\/\/eporada.klinikausmiechu.com<\/a>  maj\u0105 charakter informacyjny i nie stanowi\u0105 oferty handlowej w rozumieniu przepis\u00f3w ustawy z dnia 23 kwietnia 1964 r. Kodeks cywilny (Dz.U. 1964 r., nr 16, poz. 93 ze zm.).<br>2. Ceny zawarte w cenniku <a href=\"https:\/\/eporada.klinikausmiechu.com\">Klinika U\u015bmiechu <\/a>s\u0105 podawane w polskich z\u0142otych i s\u0105 cenami brutto.<br>3. Zap\u0142aty za \u015bwiadczone us\u0142ugi w Klinice U\u015bmiechu dokonywane s\u0105 systemem p\u0142atno\u015bci na zasadzie przedp\u0142aty.<\/p>\n\n\n\n<p>\u00a7 11<br>Polityka jako\u015bci<br>1. Wszyscy pracownicy s\u0105 regularnie szkoleni i posiadaj\u0105 najwy\u017csze kwalifikacje do \u015bwiadczenia us\u0142ug.<br>2. Liczne procedury gwarantuj\u0105 \u015bwiadczenie us\u0142ug z nale\u017cyt\u0105 staranno\u015bci\u0105 i dba\u0142o\u015bci\u0105 o Pacjenta.<\/p>\n\n\n\n<p>\u00a7 12<br>Odmowa wykonania eporady<br>1. <a href=\"https:\/\/eporada.klinikausmiechu.com\">klinika u\u015bmiechu <\/a>zastrzega sobie prawo do odmowy wykonania us\u0142ugi w przypadku, gdy:<br>1) Pacjent odmawia podania danych do rejestracji;<br>2) Pacjent jest w stanie nietrze\u017awym;<br>3)\u00a0Pacjent nie odpowiada na kontakt telefoniczny lekarza pod wskazanym przez niego numerem w wyszczeg\u00f3lnionych godzinach pracy lekarza &#8211; bez zwrotu poniesionych przez pacjenta koszt\u00f3w<br><\/p>\n\n\n\n<p>\u00a7 13<br>Zasady reklamacji<br>1. Klinika U\u015bmiechu dok\u0142ada wszelkich stara\u0144, aby oferowane us\u0142ugi wykonywane by\u0142y zgodnie ze standardami i w najwy\u017cszej jako\u015bci, oraz zapewnia, \u017ce us\u0142ugi b\u0119d\u0105 wykonywane przez lekarzy lub osoby posiadaj\u0105ce w\u0142a\u015bciwe danej procedurze uprawnienia, potwierdzone stosownymi dokumentami.<br>2. Reklamacje dla skutecznego z\u0142o\u017cenia kierowa\u0107 nale\u017cy:<br>1) na pi\u015bmie na adres: <strong>Klinika U\u015bmiechu. Specjalistyczne Centrum Stomatologii Estetycznej i Medycyny<\/strong>, ul. Kopalniana 1, 41-500 Chorz\u00f3w NIP: 6292376300 REGON: 241613894; Kontakt telefoniczny: +48 32 70 44 449, +48 731 898 629<br>2) w formie elektronicznej na adres e-mail: <strong>klinika.usmiechu1@gmail.com<\/strong><br>ze wskazaniem:<br>\u2013 danych identyfikuj\u0105cych sk\u0142adaj\u0105cego reklamacj\u0119,<br>\u2013 terminu wykonania us\u0142ugi,<br>\u2013 rodzaju us\u0142ugi,<br>\u2013 \u017c\u0105dania Pacjenta.<br>3. W przypadku rozpatrzenia reklamacji na korzy\u015b\u0107 Pacjenta istnieje mo\u017cliwo\u015b\u0107 ponownego wykonania reklamowanej us\u0142ugi lub zwrot (ca\u0142o\u015bci lub cz\u0119\u015bci) zap\u0142aconej za us\u0142ug\u0119 kwoty.<\/p>\n\n\n\n<p>\u00a7 14<br>Polityka bezpiecze\u0144stwa danych osobowych<br>1. Administratorem, czyli podmiotem decyduj\u0105cym o tym, jak b\u0119d\u0105 wykorzystywane Pa\u0144stwa dane osobowe, jest\u00a0<strong>Klinika U\u015bmiechu. Specjalistyczne Centrum Stomatologii Estetycznej i Medycyny<\/strong>, ul. Kopalniana 1, 41-500 Chorz\u00f3w NIP: 6292376300 REGON: 241613894; <br>Kontakt telefoniczny: +48 32 70 44 449, +48 731 898 629<br>2. Dane osobowe przetwarzane s\u0105 w celu udzielania \u015bwiadcze\u0144 zdrowotnych, w tym prowadzenia dokumentacji medycznej oraz zarz\u0105dzania procesem udzielania \u015bwiadcze\u0144.<br>3. W Klinice wdro\u017cona zosta\u0142a Polityka Bezpiecze\u0144stwa Ochrony Danych Osobowych, z kt\u00f3r\u0105 mo\u017cna zapozna\u0107 si\u0119 na miejscu.<br>4. Pacjent samodzielnie decyduje, czy chce, \u017ceby jego dane by\u0142y przetwarzane do cel\u00f3w marketingowych (np. otrzymywanie informacji o promocjach).<\/p>\n\n\n\n<p>\u00a7 15<br>Postanowienia ko\u0144cowe<br>1. W sprawach nieuregulowanych Regulaminem maj\u0105 zastosowanie przepisy Kodeksu Cywilnego oraz inne przepisy, w szczeg\u00f3lno\u015bci ustawy z dnia 10 maja 2018 r. o ochronie danych osobowych (Dz.U. 2018, poz. 1000), ustawy z dnia 18 lipca 2002 r. o \u015bwiadczeniu us\u0142ug drog\u0105 elektroniczn\u0105 (Dz.U. z 2002 r. nr 144, poz. 1204 z p\u00f3\u017an. zm.) oraz ustawy z dnia 30 maja 2014 r. o prawach konsumenta (Dz.U. z dnia 24 czerwca 2014 r., poz. 827 z p\u00f3\u017an. zm.).<br>2. Uznanie poszczeg\u00f3lnych postanowie\u0144 Regulaminu w spos\u00f3b przewidziany prawem za niewa\u017cne b\u0105d\u017a nieskuteczne nie wp\u0142ywa na wa\u017cno\u015b\u0107 czy skuteczno\u015b\u0107 pozosta\u0142ych postanowie\u0144 Regulaminu. W miejsce niewa\u017cnego postanowienia zastosowana b\u0119dzie regu\u0142a, kt\u00f3ra jest najbli\u017csza celom niewa\u017cnego postanowienia i ca\u0142ego niniejszego Regulaminu.<br>3. Ka\u017cdy Pacjent ma prawo do wgl\u0105du do Regulaminu, cennika us\u0142ug i certyfikat\u00f3w uzyskanych przez Klinik\u0119 U\u015bmiechu.<br>4. Regulamin mo\u017ce ulec zmianie. O zmianach w Regulaminie ka\u017cdy Pacjent zostanie poinformowany za pomoc\u0105 strony internetowej.<br>5. Tre\u015b\u0107 Regulaminu mo\u017ce zosta\u0107 utrwalona poprzez wydrukowanie, zapisanie na no\u015bniku lub pobranie w ka\u017cdej chwili ze strony internetowej <a href=\"https:\/\/klinikausmiechu\">https:\/\/klinikausmiechu<\/a>.com.<br><\/p>\n","protected":false},"excerpt":{"rendered":"<p>Administratorem, czyli podmiotem decyduj\u0105cym o tym, jak b\u0119d\u0105 wykorzystywane Pa\u0144stwa dane osobowe, jest&nbsp;Klinika U\u015bmiechu. Specjalistyczne Centrum Stomatologii Estetycznej i Medycyny, ul. Kopalniana 1, 41-500 Chorz\u00f3w NIP: 6292376300 REGON: 241613894; Kontakt telefoniczny: +48 32 70 44 449, +48 731 898 629 Preambu\u0142aNiniejszy regulamin ustanowiony zosta\u0142 w trosce o najwy\u017csz\u0105 jako\u015b\u0107 us\u0142ug medycznych \u015bwiadczonych w Klinice U\u015bmiechu. [&hellip;]<\/p>\n","protected":false},"author":1,"featured_media":0,"parent":0,"menu_order":0,"comment_status":"closed","ping_status":"closed","template":"","meta":[],"_links":{"self":[{"href":"https:\/\/eporada.klinikausmiechu.com\/index.php?rest_route=\/wp\/v2\/pages\/61"}],"collection":[{"href":"https:\/\/eporada.klinikausmiechu.com\/index.php?rest_route=\/wp\/v2\/pages"}],"about":[{"href":"https:\/\/eporada.klinikausmiechu.com\/index.php?rest_route=\/wp\/v2\/types\/page"}],"author":[{"embeddable":true,"href":"https:\/\/eporada.klinikausmiechu.com\/index.php?rest_route=\/wp\/v2\/users\/1"}],"replies":[{"embeddable":true,"href":"https:\/\/eporada.klinikausmiechu.com\/index.php?rest_route=%2Fwp%2Fv2%2Fcomments&post=61"}],"version-history":[{"count":15,"href":"https:\/\/eporada.klinikausmiechu.com\/index.php?rest_route=\/wp\/v2\/pages\/61\/revisions"}],"predecessor-version":[{"id":86,"href":"https:\/\/eporada.klinikausmiechu.com\/index.php?rest_route=\/wp\/v2\/pages\/61\/revisions\/86"}],"wp:attachment":[{"href":"https:\/\/eporada.klinikausmiechu.com\/index.php?rest_route=%2Fwp%2Fv2%2Fmedia&parent=61"}],"curies":[{"name":"wp","href":"https:\/\/api.w.org\/{rel}","templated":true}]}}