{"id":21,"date":"2020-03-25T13:30:10","date_gmt":"2020-03-25T13:30:10","guid":{"rendered":"https:\/\/eporada.klinikausmiechu.com\/?post_type=product&#038;p=21"},"modified":"2020-03-25T13:30:17","modified_gmt":"2020-03-25T13:30:17","slug":"e-porada-z-e-recepta","status":"publish","type":"product","link":"https:\/\/eporada.klinikausmiechu.com\/?product=e-porada-z-e-recepta","title":{"rendered":"E-Porada z E Recept\u0105"},"content":{"rendered":"","protected":false},"excerpt":{"rendered":"<p>E-porada stomatologiczna drog\u0105 wywiadu online.<br \/>\nMo\u017cliwo\u015b\u0107 E-recepty.<br \/>\nKonsultacja i wst\u0119pne zaplanowanie leczenia.<\/p>\n","protected":false},"featured_media":23,"template":"","meta":[],"_links":{"self":[{"href":"https:\/\/eporada.klinikausmiechu.com\/index.php?rest_route=\/wp\/v2\/product\/21"}],"collection":[{"href":"https:\/\/eporada.klinikausmiechu.com\/index.php?rest_route=\/wp\/v2\/product"}],"about":[{"href":"https:\/\/eporada.klinikausmiechu.com\/index.php?rest_route=\/wp\/v2\/types\/product"}],"wp:featuredmedia":[{"embeddable":true,"href":"https:\/\/eporada.klinikausmiechu.com\/index.php?rest_route=\/wp\/v2\/media\/23"}],"wp:attachment":[{"href":"https:\/\/eporada.klinikausmiechu.com\/index.php?rest_route=%2Fwp%2Fv2%2Fmedia&parent=21"}],"curies":[{"name":"wp","href":"https:\/\/api.w.org\/{rel}","templated":true}]}}